{"id":13,"date":"2024-04-25T17:25:16","date_gmt":"2024-04-25T20:25:16","guid":{"rendered":"https:\/\/jrff.com.br\/?page_id=13"},"modified":"2025-07-23T15:58:20","modified_gmt":"2025-07-23T18:58:20","slug":"jrff","status":"publish","type":"page","link":"https:\/\/jrff.com.br\/","title":{"rendered":"jrff"},"content":{"rendered":"\t\t<div data-elementor-type=\"wp-page\" data-elementor-id=\"13\" class=\"elementor elementor-13\">\n\t\t\t\t<div class=\"elementor-element elementor-element-0747f4c e-con-full e-flex wpr-particle-no wpr-jarallax-no wpr-parallax-no wpr-sticky-section-no e-con e-parent\" data-id=\"0747f4c\" data-element_type=\"container\" data-e-type=\"container\">\n\t\t\t\t<div class=\"elementor-element elementor-element-3dbbda8 elementor-widget elementor-widget-image\" data-id=\"3dbbda8\" data-element_type=\"widget\" data-e-type=\"widget\" data-widget_type=\"image.default\">\n\t\t\t\t<div class=\"elementor-widget-container\">\n\t\t\t\t\t\t\t\t\t\t\t\t\t\t\t<img fetchpriority=\"high\" decoding=\"async\" width=\"931\" height=\"339\" src=\"https:\/\/jrff.com.br\/wp-content\/uploads\/2025\/07\/Logo-JRFF-Empreendimentos.png\" class=\"attachment-large size-large wp-image-21\" alt=\"\" srcset=\"https:\/\/jrff.com.br\/wp-content\/uploads\/2025\/07\/Logo-JRFF-Empreendimentos.png 931w, https:\/\/jrff.com.br\/wp-content\/uploads\/2025\/07\/Logo-JRFF-Empreendimentos-300x109.png 300w, https:\/\/jrff.com.br\/wp-content\/uploads\/2025\/07\/Logo-JRFF-Empreendimentos-768x280.png 768w\" sizes=\"(max-width: 931px) 100vw, 931px\" \/>\t\t\t\t\t\t\t\t\t\t\t\t\t\t\t<\/div>\n\t\t\t\t<\/div>\n\t\t\t\t<div class=\"elementor-element elementor-element-34575f0 elementor-widget elementor-widget-heading\" data-id=\"34575f0\" data-element_type=\"widget\" data-e-type=\"widget\" data-widget_type=\"heading.default\">\n\t\t\t\t<div class=\"elementor-widget-container\">\n\t\t\t\t\t<h2 class=\"elementor-heading-title elementor-size-default\">Estamos em manuten\u00e7\u00e3o!<\/h2>\t\t\t\t<\/div>\n\t\t\t\t<\/div>\n\t\t\t\t<div class=\"elementor-element elementor-element-9d14181 elementor-widget elementor-widget-text-editor\" data-id=\"9d14181\" data-element_type=\"widget\" data-e-type=\"widget\" data-widget_type=\"text-editor.default\">\n\t\t\t\t<div class=\"elementor-widget-container\">\n\t\t\t\t\t\t\t\t\t<p>Agradecemos a sua visita!<\/p><p>Nossa equipe est\u00e1 efetuando melhorias significativas para proporcionar uma experi\u00eancia ainda melhor para voc\u00ea.<\/p><p>Pedimos desculpas por qualquer inconveniente e agradecemos a sua paci\u00eancia.<\/p>\t\t\t\t\t\t\t\t<\/div>\n\t\t\t\t<\/div>\n\t\t\t\t<\/div>\n\t\t\t\t<\/div>\n\t\t","protected":false},"excerpt":{"rendered":"<p>Estamos em manuten\u00e7\u00e3o! Agradecemos a sua visita! Nossa equipe est\u00e1 efetuando melhorias significativas para proporcionar uma experi\u00eancia ainda melhor para voc\u00ea. Pedimos desculpas por qualquer inconveniente e agradecemos a sua paci\u00eancia.<\/p>\n","protected":false},"author":1,"featured_media":0,"parent":0,"menu_order":0,"comment_status":"closed","ping_status":"closed","template":"elementor_canvas","meta":{"footnotes":""},"class_list":["post-13","page","type-page","status-publish","hentry"],"_links":{"self":[{"href":"https:\/\/jrff.com.br\/index.php?rest_route=\/wp\/v2\/pages\/13","targetHints":{"allow":["GET"]}}],"collection":[{"href":"https:\/\/jrff.com.br\/index.php?rest_route=\/wp\/v2\/pages"}],"about":[{"href":"https:\/\/jrff.com.br\/index.php?rest_route=\/wp\/v2\/types\/page"}],"author":[{"embeddable":true,"href":"https:\/\/jrff.com.br\/index.php?rest_route=\/wp\/v2\/users\/1"}],"replies":[{"embeddable":true,"href":"https:\/\/jrff.com.br\/index.php?rest_route=%2Fwp%2Fv2%2Fcomments&post=13"}],"version-history":[{"count":7,"href":"https:\/\/jrff.com.br\/index.php?rest_route=\/wp\/v2\/pages\/13\/revisions"}],"predecessor-version":[{"id":24,"href":"https:\/\/jrff.com.br\/index.php?rest_route=\/wp\/v2\/pages\/13\/revisions\/24"}],"wp:attachment":[{"href":"https:\/\/jrff.com.br\/index.php?rest_route=%2Fwp%2Fv2%2Fmedia&parent=13"}],"curies":[{"name":"wp","href":"https:\/\/api.w.org\/{rel}","templated":true}]}}